{"id":2,"date":"2019-01-01T15:16:49","date_gmt":"2019-01-01T14:16:49","guid":{"rendered":"http:\/\/www.raulmayoral.es\/?page_id=2"},"modified":"2025-07-04T18:45:10","modified_gmt":"2025-07-04T16:45:10","slug":"raul-mayoral","status":"publish","type":"page","link":"https:\/\/www.raulmayoral.es\/index.php\/raul-mayoral\/","title":{"rendered":"RAUL MAYORAL"},"content":{"rendered":"\n<p class=\"wp-block-paragraph\">Originario de Talavera de la Reina (1966), y tambi\u00e9n con ra\u00edces en El Puente del Arzobispo y en Valdelacasa de Tajo. Tres lugares ba\u00f1ados por las aguas del R\u00edo Tajo y cruzados por puentes. Apasionado de la educaci\u00f3n, esa aventura, como la corriente de un r\u00edo, consistente en discurrir de forma abierta y clara sin espesura ni cerraz\u00f3n, tendiendo, precisamente, puentes y no muros. Ese proceso vital de ense\u00f1ar y aprender por el que el hombre se hace cada vez m\u00e1s hombre. <\/p>\n\n\n\n<p class=\"wp-block-paragraph\">Asimismo apasionado de la comunicaci\u00f3n, estoy en <strong><em>Libercast<\/em><\/strong>, un espacio donde librar la batalla de las ideas por el rearme moral y la defensa de la libertad, que me ha impulsado a escribir mi primer ensayo <em>Preg\u00f3n de combate para j\u00f3venes de esp\u00edritu<\/em>.<\/p>\n\n\n\n<p class=\"wp-block-paragraph\">Asimismo, soy autor de la novela hist\u00f3rica <em>Perder para ganar. Una paz para un siglo.<\/em><\/p>\n\n\n\n<p class=\"wp-block-paragraph\"><a href=\"https:\/\/www.youtube.com\/@libercast.oficial\/videos\">https:\/\/www.youtube.com\/@libercast.oficial\/videos<\/a><\/p>\n\n\n\n<figure class=\"wp-block-image size-full\"><img data-recalc-dims=\"1\" loading=\"lazy\" decoding=\"async\" width=\"625\" height=\"470\" src=\"https:\/\/i0.wp.com\/www.raulmayoral.es\/wp-content\/uploads\/2024\/10\/CUBIERTA-PREGON-DE-COMBATE-SIN-SOLAPAS.jpg?resize=625%2C470&#038;ssl=1\" alt=\"\" class=\"wp-image-3008\" srcset=\"https:\/\/i0.wp.com\/www.raulmayoral.es\/wp-content\/uploads\/2024\/10\/CUBIERTA-PREGON-DE-COMBATE-SIN-SOLAPAS.jpg?w=728&amp;ssl=1 728w, https:\/\/i0.wp.com\/www.raulmayoral.es\/wp-content\/uploads\/2024\/10\/CUBIERTA-PREGON-DE-COMBATE-SIN-SOLAPAS.jpg?resize=300%2C225&amp;ssl=1 300w, https:\/\/i0.wp.com\/www.raulmayoral.es\/wp-content\/uploads\/2024\/10\/CUBIERTA-PREGON-DE-COMBATE-SIN-SOLAPAS.jpg?resize=624%2C469&amp;ssl=1 624w\" sizes=\"auto, (max-width: 625px) 100vw, 625px\" \/><\/figure>\n\n\n\n<figure class=\"wp-block-image size-large\"><img data-recalc-dims=\"1\" loading=\"lazy\" decoding=\"async\" width=\"625\" height=\"696\" src=\"https:\/\/i0.wp.com\/www.raulmayoral.es\/wp-content\/uploads\/2025\/07\/MOCKUP-PERDER-PARA-GANAR-ALTA-DEF.jpg?resize=625%2C696&#038;ssl=1\" alt=\"\" class=\"wp-image-3363\" srcset=\"https:\/\/i0.wp.com\/www.raulmayoral.es\/wp-content\/uploads\/2025\/07\/MOCKUP-PERDER-PARA-GANAR-ALTA-DEF.jpg?resize=919%2C1024&amp;ssl=1 919w, https:\/\/i0.wp.com\/www.raulmayoral.es\/wp-content\/uploads\/2025\/07\/MOCKUP-PERDER-PARA-GANAR-ALTA-DEF.jpg?resize=269%2C300&amp;ssl=1 269w, https:\/\/i0.wp.com\/www.raulmayoral.es\/wp-content\/uploads\/2025\/07\/MOCKUP-PERDER-PARA-GANAR-ALTA-DEF.jpg?resize=768%2C856&amp;ssl=1 768w, https:\/\/i0.wp.com\/www.raulmayoral.es\/wp-content\/uploads\/2025\/07\/MOCKUP-PERDER-PARA-GANAR-ALTA-DEF.jpg?resize=1378%2C1536&amp;ssl=1 1378w, https:\/\/i0.wp.com\/www.raulmayoral.es\/wp-content\/uploads\/2025\/07\/MOCKUP-PERDER-PARA-GANAR-ALTA-DEF.jpg?resize=624%2C695&amp;ssl=1 624w, https:\/\/i0.wp.com\/www.raulmayoral.es\/wp-content\/uploads\/2025\/07\/MOCKUP-PERDER-PARA-GANAR-ALTA-DEF.jpg?w=1590&amp;ssl=1 1590w, https:\/\/i0.wp.com\/www.raulmayoral.es\/wp-content\/uploads\/2025\/07\/MOCKUP-PERDER-PARA-GANAR-ALTA-DEF.jpg?w=1250&amp;ssl=1 1250w\" sizes=\"auto, (max-width: 625px) 100vw, 625px\" \/><\/figure>\n\n\n<div class=\"wp-block-jetpack-contact-form is-layout-flex wp-container-jetpack-contact-form-is-layout-53c17e14 wp-block-jetpack-contact-form-is-layout-flex\"><a href=\"https:\/\/www.raulmayoral.es\/index.php\/raul-mayoral\/\" target=\"_blank\" rel=\"noopener noreferrer\">Env\u00eda un formulario.<\/a><\/div>","protected":false},"excerpt":{"rendered":"<p>Originario de Talavera de la Reina (1966), y tambi\u00e9n con ra\u00edces en El Puente del Arzobispo y en Valdelacasa de Tajo. Tres lugares ba\u00f1ados por las aguas del R\u00edo Tajo y cruzados por puentes. Apasionado de la educaci\u00f3n, esa aventura, como la corriente de un r\u00edo, consistente en discurrir de forma abierta y clara sin [&hellip;]<\/p>\n","protected":false},"author":1,"featured_media":238,"parent":0,"menu_order":0,"comment_status":"closed","ping_status":"closed","template":"","meta":{"_crdt_document":"","om_disable_all_campaigns":false,"_monsterinsights_skip_tracking":false,"_monsterinsights_sitenote_active":false,"_monsterinsights_sitenote_note":"","_monsterinsights_sitenote_category":0,"_uf_show_specific_survey":0,"_uf_disable_surveys":false,"footnotes":""},"class_list":["post-2","page","type-page","status-publish","has-post-thumbnail","hentry"],"aioseo_notices":[],"jetpack-related-posts":[],"jetpack_sharing_enabled":true,"_links":{"self":[{"href":"https:\/\/www.raulmayoral.es\/index.php\/wp-json\/wp\/v2\/pages\/2","targetHints":{"allow":["GET"]}}],"collection":[{"href":"https:\/\/www.raulmayoral.es\/index.php\/wp-json\/wp\/v2\/pages"}],"about":[{"href":"https:\/\/www.raulmayoral.es\/index.php\/wp-json\/wp\/v2\/types\/page"}],"author":[{"embeddable":true,"href":"https:\/\/www.raulmayoral.es\/index.php\/wp-json\/wp\/v2\/users\/1"}],"replies":[{"embeddable":true,"href":"https:\/\/www.raulmayoral.es\/index.php\/wp-json\/wp\/v2\/comments?post=2"}],"version-history":[{"count":12,"href":"https:\/\/www.raulmayoral.es\/index.php\/wp-json\/wp\/v2\/pages\/2\/revisions"}],"predecessor-version":[{"id":3364,"href":"https:\/\/www.raulmayoral.es\/index.php\/wp-json\/wp\/v2\/pages\/2\/revisions\/3364"}],"wp:featuredmedia":[{"embeddable":true,"href":"https:\/\/www.raulmayoral.es\/index.php\/wp-json\/wp\/v2\/media\/238"}],"wp:attachment":[{"href":"https:\/\/www.raulmayoral.es\/index.php\/wp-json\/wp\/v2\/media?parent=2"}],"curies":[{"name":"wp","href":"https:\/\/api.w.org\/{rel}","templated":true}]}}